{"id":3280,"date":"2025-12-14T18:11:54","date_gmt":"2025-12-14T17:11:54","guid":{"rendered":"https:\/\/shop.biomteam.com\/?post_type=product&#038;p=3280"},"modified":"2026-02-16T08:53:37","modified_gmt":"2026-02-16T07:53:37","slug":"allapotfelmeres","status":"publish","type":"product","link":"https:\/\/shop.biomteam.com\/en\/product\/allapotfelmeres\/","title":{"rendered":"\u00c1llapotfelm\u00e9r\u00e9s\u200a\/\u200aTriage aj\u00e1nd\u00e9kutalv\u00e1ny"},"content":{"rendered":"<h2 style=\"font-size: 32px;\">Aj\u00e1nd\u00e9kozzon szakmai odafigyel\u00e9st \u00e9s ir\u00e1nymutat\u00e1st!<\/h2>\n<p>Ez az utalv\u00e1ny bev\u00e1lthat\u00f3 a BiomTeam-n\u00e9l <b>mikrobiom-alap\u00fa \u00e1llapotfelm\u00e9r\u00e9s<span class=\"box\">\u200a<\/span>\/<span class=\"box\">\u200a<\/span>triage<\/b> online konzult\u00e1ci\u00f3ra, amelyet egy tapasztalt dietetikus v\u00e9gez, a BiomTeam szakmai protokollja szerint.<\/p>\n<h2>Kinek ide\u00e1lis?<\/h2>\n<p>Akinek em\u00e9szt\u0151rendszeri, anyagcsere jelleg\u0171, \u00edz\u00fcleti, kardiovaszkul\u00e1ris illetve egy\u00e9b panaszai vannak \u00e9s szeretn\u00e9 felm\u00e9rni, hogy ezek h\u00e1tter\u00e9ben milyen re\u00e1lis, b\u00e9l-\u00e9s mikrobiom-eredet\u0171 kock\u00e1zatok \u00e1llhatnak. Vagy mind\u00f6ssze szeretn\u00e9 felt\u00e9rk\u00e9pezni az eg\u00e9szs\u00e9g\u00fcgyi \u00e1llapot\u00e1t \u00e9s ez alapj\u00e1n egy szakmai ir\u00e1nymutat\u00e1st kapni.<\/p>\n<h2>Mit tartalmaz az \u00e1llapotfelm\u00e9r\u00e9s?<\/h2>\n<ul>\n<li>anamn\u00e9zis felv\u00e9tele<\/li>\n<li>t\u00e1pl\u00e1lkoz\u00e1si szok\u00e1sok felm\u00e9r\u00e9se<\/li>\n<li>mikrobiom-specifikus elt\u00e9r\u00e9sek azonos\u00edt\u00e1sa<\/li>\n<li>szem\u00e9lyre szabott vizsg\u00e1lati ir\u00e1ny \u00e9s vizsg\u00e1lati csomagok \u00e1tbesz\u00e9l\u00e9se<\/li>\n<\/ul>\n<h2>Hogyan m\u0171k\u00f6dik az aj\u00e1nd\u00e9kutalv\u00e1ny?<\/h2>\n<ol>\n<li aria-level=\"1\">V\u00e1s\u00e1rl\u00e1s ut\u00e1n az utalv\u00e1nyt <b>egy\u00e9ni kuponk\u00f3ddal <\/b>ell\u00e1tva a megadott e-mail c\u00edmre k\u00fcldj\u00fck nyomtathat\u00f3 form\u00e1ban. Az utalv\u00e1ny <b>a ki\u00e1ll\u00edt\u00e1st\u00f3l sz\u00e1m\u00edtott 1 \u00e9vig <\/b>bev\u00e1lthat\u00f3.<\/li>\n<li aria-level=\"1\">A megaj\u00e1nd\u00e9kozott a panasz\u00e1nak megfelel\u0151en v\u00e1lassza ki azt a dietetikust, akinek az adott ter\u00fclet a f\u0151 szakter\u00fclete.<\/li>\n<li aria-level=\"1\">Id\u0151pontfoglal\u00e1s \u00e9s kuponbev\u00e1lt\u00e1s: <b>biomteam.com\/allapotfelmeres<\/b><\/li>\n<\/ol>\n<p><b>Fontos:<\/b> az utalv\u00e1ny az \u00e1llapotfelm\u00e9r\u00e9s konzult\u00e1ci\u00f3 teljes d\u00edj\u00e1ra v\u00e1lthat\u00f3 be, a foglal\u00e1s v\u00e9gleges\u00edt\u00e9se sor\u00e1n sz\u00fcks\u00e9ges az egy\u00e9ni kuponk\u00f3dot be\u00edrni, hogy a fizet\u00e9si \u00f6sszeg levon\u00e1sra ker\u00fclj\u00f6n.<\/p>\n<p>(Az egy\u00e9ni konzult\u00e1ci\u00f3 sor\u00e1n javasolt, szem\u00e9lyre szabott tov\u00e1bbi l\u00e9p\u00e9sek \u00e9s esetleges felmer\u00fcl\u0151 c\u00e9lzott vizsg\u00e1latok kijel\u00f6l\u00e9se t\u00f6rt\u00e9nik, amelyek\u00a0 <b>k\u00fcl\u00f6n k\u00f6lts\u00e9ggel j\u00e1rhatnak<\/b>, amelyr\u0151l az \u00e1llapotfelm\u00e9r\u00e9s sor\u00e1n tudunk r\u00e9szletes t\u00e1j\u00e9koztat\u00e1st adni.)<\/p>\n<p>R\u00e9szletek: <a href=\"https:\/\/www.biomteam.com\/allapotfelmeres\">www.biomteam.com\/allapotfelmeres<\/a><\/p>\n","protected":false},"excerpt":{"rendered":"<p>\u00c1llapotfelm\u00e9r\u00e9sre sz\u00f3l\u00f3 aj\u00e1nd\u00e9kutalv\u00e1nyt online tudod megv\u00e1s\u00e1rolni, \u00e9s a megadott e-mail c\u00edmre nyomtathat\u00f3 form\u00e1ban elk\u00fcldj\u00fck. Az utalv\u00e1ny a ki\u00e1ll\u00edt\u00e1st\u00f3l sz\u00e1m\u00edtott 1 \u00e9vig bev\u00e1lthat\u00f3. R\u00e9szletek: <a href=\"https:\/\/www.biomteam.com\/allapotfelmeres\">www.biomteam.com\/allapotfelmeres<\/a><\/p>\n","protected":false},"featured_media":3287,"template":"","meta":{"_acf_changed":false},"product_brand":[],"product_cat":[15],"product_tag":[],"class_list":{"0":"post-3280","1":"product","2":"type-product","3":"status-publish","4":"has-post-thumbnail","6":"product_cat-tesztek","8":"first","9":"instock","10":"shipping-taxable","11":"purchasable","12":"product-type-simple"},"acf":[],"aioseo_notices":[],"_links":{"self":[{"href":"https:\/\/shop.biomteam.com\/en\/wp-json\/wp\/v2\/product\/3280","targetHints":{"allow":["GET"]}}],"collection":[{"href":"https:\/\/shop.biomteam.com\/en\/wp-json\/wp\/v2\/product"}],"about":[{"href":"https:\/\/shop.biomteam.com\/en\/wp-json\/wp\/v2\/types\/product"}],"wp:featuredmedia":[{"embeddable":true,"href":"https:\/\/shop.biomteam.com\/en\/wp-json\/wp\/v2\/media\/3287"}],"wp:attachment":[{"href":"https:\/\/shop.biomteam.com\/en\/wp-json\/wp\/v2\/media?parent=3280"}],"wp:term":[{"taxonomy":"product_brand","embeddable":true,"href":"https:\/\/shop.biomteam.com\/en\/wp-json\/wp\/v2\/product_brand?post=3280"},{"taxonomy":"product_cat","embeddable":true,"href":"https:\/\/shop.biomteam.com\/en\/wp-json\/wp\/v2\/product_cat?post=3280"},{"taxonomy":"product_tag","embeddable":true,"href":"https:\/\/shop.biomteam.com\/en\/wp-json\/wp\/v2\/product_tag?post=3280"}],"curies":[{"name":"wp","href":"https:\/\/api.w.org\/{rel}","templated":true}]}}