{"id":20,"date":"2023-12-01T09:25:21","date_gmt":"2023-12-01T08:25:21","guid":{"rendered":"https:\/\/sgtshop.circumstances.hu\/cart-2\/"},"modified":"2023-12-01T10:16:09","modified_gmt":"2023-12-01T09:16:09","slug":"cart-2","status":"publish","type":"page","link":"https:\/\/shop.biomteam.com\/en\/cart-2\/","title":{"rendered":"Cart"},"content":{"rendered":"\n<div data-block-name=\"woocommerce\/cart\" class=\"wp-block-woocommerce-cart alignwide is-loading\">\n<div data-block-name=\"woocommerce\/filled-cart-block\" class=\"wp-block-woocommerce-filled-cart-block\">\n<div data-block-name=\"woocommerce\/cart-items-block\" class=\"wp-block-woocommerce-cart-items-block\">\n<div data-block-name=\"woocommerce\/cart-line-items-block\" class=\"wp-block-woocommerce-cart-line-items-block\"><\/div>\n\n\n\n<div data-block-name=\"woocommerce\/cart-cross-sells-block\" class=\"wp-block-woocommerce-cart-cross-sells-block\">\n<h2 class=\"wp-block-heading has-large-font-size\">You may be interested in\u2026<\/h2>\n\n\n\n<div data-block-name=\"woocommerce\/cart-cross-sells-products-block\" class=\"wp-block-woocommerce-cart-cross-sells-products-block\"><\/div>\n<\/div>\n<\/div>\n\n\n\n<div data-block-name=\"woocommerce\/cart-totals-block\" class=\"wp-block-woocommerce-cart-totals-block\">\n<div data-block-name=\"woocommerce\/cart-order-summary-block\" class=\"wp-block-woocommerce-cart-order-summary-block\">\n<div data-block-name=\"woocommerce\/cart-order-summary-heading-block\" class=\"wp-block-woocommerce-cart-order-summary-heading-block\"><\/div><div data-block-name=\"woocommerce\/cart-order-summary-coupon-form-block\" class=\"wp-block-woocommerce-cart-order-summary-coupon-form-block\"><\/div><div data-block-name=\"woocommerce\/cart-order-summary-totals-block\" class=\"wp-block-woocommerce-cart-order-summary-totals-block\">\n<div data-block-name=\"woocommerce\/cart-order-summary-subtotal-block\" class=\"wp-block-woocommerce-cart-order-summary-subtotal-block\"><\/div>\n<div data-block-name=\"woocommerce\/cart-order-summary-discount-block\" class=\"wp-block-woocommerce-cart-order-summary-discount-block\"><\/div>\n<div data-block-name=\"woocommerce\/cart-order-summary-fee-block\" class=\"wp-block-woocommerce-cart-order-summary-fee-block\"><\/div>\n<div data-block-name=\"woocommerce\/cart-order-summary-shipping-block\" class=\"wp-block-woocommerce-cart-order-summary-shipping-block\"><\/div>\n<div data-block-name=\"woocommerce\/cart-order-summary-taxes-block\" class=\"wp-block-woocommerce-cart-order-summary-taxes-block\"><\/div><\/div>\n<\/div>\n\n\n\n<div data-block-name=\"woocommerce\/cart-express-payment-block\" class=\"wp-block-woocommerce-cart-express-payment-block\"><\/div>\n\n\n\n<div data-block-name=\"woocommerce\/proceed-to-checkout-block\" class=\"wp-block-woocommerce-proceed-to-checkout-block\"><\/div>\n\n\n\n<div data-block-name=\"woocommerce\/cart-accepted-payment-methods-block\" class=\"wp-block-woocommerce-cart-accepted-payment-methods-block\"><\/div>\n<\/div>\n<\/div>\n\n\n\n<div data-block-name=\"woocommerce\/empty-cart-block\" class=\"wp-block-woocommerce-empty-cart-block\">\n<h2 class=\"wp-block-heading has-text-align-center with-empty-cart-icon wc-block-cart__empty-cart__title\">Your cart is currently empty!<\/h2>\n\n\n\n<hr class=\"wp-block-separator has-alpha-channel-opacity is-style-dots\"\/>\n\n\n\n<h2 class=\"wp-block-heading has-text-align-center\">New in store<\/h2>\n\n\n<div data-block-name=\"woocommerce\/product-new\" data-columns=\"4\" data-rows=\"1\" class=\"wc-block-grid wp-block-product-new wp-block-woocommerce-product-new wc-block-product-new has-4-columns\"><ul class=\"wc-block-grid__products\"><li class=\"wc-block-grid__product\">\n\t\t\t\t<a href=\"https:\/\/shop.biomteam.com\/en\/product\/allapotfelmeres\/\" class=\"wc-block-grid__product-link\">\n\t\t\t\t\t\n\t\t\t\t\t<div class=\"wc-block-grid__product-image\"><img loading=\"lazy\" decoding=\"async\" width=\"324\" height=\"214\" src=\"https:\/\/shop.biomteam.com\/wp-content\/uploads\/2025\/12\/AJA\u0301NDE\u0301KUTALVA\u0301NY-B2C-43.391-x-28.575-cm-324x214.jpeg\" class=\"attachment-woocommerce_thumbnail size-woocommerce_thumbnail\" alt=\"\u00c1llapotfelm\u00e9r\u00e9s Aj\u00e1nd\u00e9kutalv\u00e1ny\" srcset=\"https:\/\/shop.biomteam.com\/wp-content\/uploads\/2025\/12\/AJA\u0301NDE\u0301KUTALVA\u0301NY-B2C-43.391-x-28.575-cm-324x214.jpeg 324w, https:\/\/shop.biomteam.com\/wp-content\/uploads\/2025\/12\/AJA\u0301NDE\u0301KUTALVA\u0301NY-B2C-43.391-x-28.575-cm-300x198.jpeg 300w, https:\/\/shop.biomteam.com\/wp-content\/uploads\/2025\/12\/AJA\u0301NDE\u0301KUTALVA\u0301NY-B2C-43.391-x-28.575-cm-1024x675.jpeg 1024w, https:\/\/shop.biomteam.com\/wp-content\/uploads\/2025\/12\/AJA\u0301NDE\u0301KUTALVA\u0301NY-B2C-43.391-x-28.575-cm-768x506.jpeg 768w, https:\/\/shop.biomteam.com\/wp-content\/uploads\/2025\/12\/AJA\u0301NDE\u0301KUTALVA\u0301NY-B2C-43.391-x-28.575-cm-1536x1012.jpeg 1536w, https:\/\/shop.biomteam.com\/wp-content\/uploads\/2025\/12\/AJA\u0301NDE\u0301KUTALVA\u0301NY-B2C-43.391-x-28.575-cm-416x274.jpeg 416w, https:\/\/shop.biomteam.com\/wp-content\/uploads\/2025\/12\/AJA\u0301NDE\u0301KUTALVA\u0301NY-B2C-43.391-x-28.575-cm.jpeg 2000w\" sizes=\"auto, (max-width: 324px) 100vw, 324px\" \/><\/div>\n\t\t\t\t\t<div class=\"wc-block-grid__product-title\">\u00c1llapotfelm\u00e9r\u00e9s\u200a\/\u200aTriage aj\u00e1nd\u00e9kutalv\u00e1ny<\/div>\n\t\t\t\t<\/a>\n\t\t\t\t<div class=\"wc-block-grid__product-price price\"><span class=\"woocommerce-Price-amount amount\"><span class=\"woocommerce-Price-currencySymbol\">&euro;<\/span>78.68<\/span><\/div>\n\t\t\t\t\n\t\t\t\t<div class=\"wp-block-button wc-block-grid__product-add-to-cart\"><a href=\"\/en\/wp-json\/wp\/v2\/pages\/20?add-to-cart=3280\" aria-label=\"Add to cart: &ldquo;\u00c1llapotfelm\u00e9r\u00e9s\u200a\/\u200aTriage aj\u00e1nd\u00e9kutalv\u00e1ny&rdquo;\" data-quantity=\"1\" data-product_id=\"3280\" data-product_sku=\"\" data-price=\"78.68\" rel=\"nofollow\" class=\"wp-block-button__link  add_to_cart_button ajax_add_to_cart\">Add to cart<\/a><\/div>\n\t\t\t<\/li><li class=\"wc-block-grid__product\">\n\t\t\t\t<a href=\"https:\/\/shop.biomteam.com\/en\/product\/sgt-szeklet-genomikai-teszt-allapotfelmeres-ajandek-konyv-500-gramm-zoldseg-mindennap-valtozatosan\/\" class=\"wc-block-grid__product-link\">\n\t\t\t\t\t<div class=\"wc-block-grid__product-onsale\">\n\t\t\t<span aria-hidden=\"true\">Sale<\/span>\n\t\t\t<span class=\"screen-reader-text\">Product on sale<\/span>\n\t\t<\/div>\n\t\t\t\t\t<div class=\"wc-block-grid__product-image\"><img loading=\"lazy\" decoding=\"async\" width=\"324\" height=\"213\" src=\"https:\/\/shop.biomteam.com\/wp-content\/uploads\/2025\/11\/SGTallapotfreeKonyv-324x213.png\" class=\"attachment-woocommerce_thumbnail size-woocommerce_thumbnail\" alt=\"SGT+\u00e1llapot felm\u00e9r\u00e9s + free K\u00f6nyv\" srcset=\"https:\/\/shop.biomteam.com\/wp-content\/uploads\/2025\/11\/SGTallapotfreeKonyv-324x213.png 324w, https:\/\/shop.biomteam.com\/wp-content\/uploads\/2025\/11\/SGTallapotfreeKonyv-300x198.png 300w, https:\/\/shop.biomteam.com\/wp-content\/uploads\/2025\/11\/SGTallapotfreeKonyv-1024x674.png 1024w, https:\/\/shop.biomteam.com\/wp-content\/uploads\/2025\/11\/SGTallapotfreeKonyv-768x506.png 768w, https:\/\/shop.biomteam.com\/wp-content\/uploads\/2025\/11\/SGTallapotfreeKonyv-1536x1012.png 1536w, https:\/\/shop.biomteam.com\/wp-content\/uploads\/2025\/11\/SGTallapotfreeKonyv-416x274.png 416w, https:\/\/shop.biomteam.com\/wp-content\/uploads\/2025\/11\/SGTallapotfreeKonyv.png 1640w\" sizes=\"auto, (max-width: 324px) 100vw, 324px\" \/><\/div>\n\t\t\t\t\t<div class=\"wc-block-grid__product-title\">SGT \u2013 Sz\u00e9klet Genomikai Teszt &amp; \u00c1llapotfelm\u00e9r\u00e9s + aj\u00e1nd\u00e9k k\u00f6nyv: \u201e500 gramm z\u00f6lds\u00e9g mindennap, v\u00e1ltozatosan\u201d<\/div>\n\t\t\t\t<\/a>\n\t\t\t\t<div class=\"wc-block-grid__product-price price\"><del aria-hidden=\"true\"><span class=\"woocommerce-Price-amount amount\"><span class=\"woocommerce-Price-currencySymbol\">&euro;<\/span>574.00<\/span><\/del> <span class=\"screen-reader-text\">Original price was: &euro;574.00.<\/span><ins aria-hidden=\"true\"><span class=\"woocommerce-Price-amount amount\"><span class=\"woocommerce-Price-currencySymbol\">&euro;<\/span>559.00<\/span><\/ins><span class=\"screen-reader-text\">Current price is: &euro;559.00.<\/span><\/div>\n\t\t\t\t\n\t\t\t\t<div class=\"wp-block-button wc-block-grid__product-add-to-cart\"><a href=\"\/en\/wp-json\/wp\/v2\/pages\/20?add-to-cart=3108\" aria-label=\"Add to cart: &ldquo;SGT \u2013 Sz\u00e9klet Genomikai Teszt &amp; \u00c1llapotfelm\u00e9r\u00e9s + aj\u00e1nd\u00e9k k\u00f6nyv: \u201e500 gramm z\u00f6lds\u00e9g mindennap, v\u00e1ltozatosan\u201d&rdquo;\" data-quantity=\"1\" data-product_id=\"3108\" data-product_sku=\"sgt-szekletgenomikai-teszt+konyv+allapotfelmeres\" data-price=\"559\" rel=\"nofollow\" class=\"wp-block-button__link  add_to_cart_button ajax_add_to_cart\">Add to cart<\/a><\/div>\n\t\t\t<\/li><li class=\"wc-block-grid__product\">\n\t\t\t\t<a href=\"https:\/\/shop.biomteam.com\/en\/product\/sgt-szeklet-genomikai-teszt-ajandek-konyv\/\" class=\"wc-block-grid__product-link\">\n\t\t\t\t\t\n\t\t\t\t\t<div class=\"wc-block-grid__product-image\"><img loading=\"lazy\" decoding=\"async\" width=\"324\" height=\"213\" src=\"https:\/\/shop.biomteam.com\/wp-content\/uploads\/2023\/12\/SGTFreeKonyv-324x213.png\" class=\"attachment-woocommerce_thumbnail size-woocommerce_thumbnail\" alt=\"SGT + FreeK\u00f6nyv\" srcset=\"https:\/\/shop.biomteam.com\/wp-content\/uploads\/2023\/12\/SGTFreeKonyv-324x213.png 324w, https:\/\/shop.biomteam.com\/wp-content\/uploads\/2023\/12\/SGTFreeKonyv-300x198.png 300w, https:\/\/shop.biomteam.com\/wp-content\/uploads\/2023\/12\/SGTFreeKonyv-1024x674.png 1024w, https:\/\/shop.biomteam.com\/wp-content\/uploads\/2023\/12\/SGTFreeKonyv-768x506.png 768w, https:\/\/shop.biomteam.com\/wp-content\/uploads\/2023\/12\/SGTFreeKonyv-1536x1012.png 1536w, https:\/\/shop.biomteam.com\/wp-content\/uploads\/2023\/12\/SGTFreeKonyv-416x274.png 416w, https:\/\/shop.biomteam.com\/wp-content\/uploads\/2023\/12\/SGTFreeKonyv.png 1640w\" sizes=\"auto, (max-width: 324px) 100vw, 324px\" \/><\/div>\n\t\t\t\t\t<div class=\"wc-block-grid__product-title\">SGT \u2013 Sz\u00e9klet Genomikai Teszt + aj\u00e1nd\u00e9k k\u00f6nyv: \u201e500 gramm z\u00f6lds\u00e9g mindennap, v\u00e1ltozatosan\u201d<\/div>\n\t\t\t\t<\/a>\n\t\t\t\t<div class=\"wc-block-grid__product-price price\"><span class=\"woocommerce-Price-amount amount\"><span class=\"woocommerce-Price-currencySymbol\">&euro;<\/span>499.00<\/span><\/div>\n\t\t\t\t\n\t\t\t\t<div class=\"wp-block-button wc-block-grid__product-add-to-cart\"><a href=\"\/en\/wp-json\/wp\/v2\/pages\/20?add-to-cart=3113\" aria-label=\"Add to cart: &ldquo;SGT \u2013 Sz\u00e9klet Genomikai Teszt + aj\u00e1nd\u00e9k k\u00f6nyv: \u201e500 gramm z\u00f6lds\u00e9g mindennap, v\u00e1ltozatosan\u201d&rdquo;\" data-quantity=\"1\" data-product_id=\"3113\" data-product_sku=\"sgt-szekletgenomikai-teszt+konyv\" data-price=\"499\" rel=\"nofollow\" class=\"wp-block-button__link  add_to_cart_button ajax_add_to_cart\">Add to cart<\/a><\/div>\n\t\t\t<\/li><li class=\"wc-block-grid__product\">\n\t\t\t\t<a href=\"https:\/\/shop.biomteam.com\/en\/product\/sgt-stool-genomic-test\/\" class=\"wc-block-grid__product-link\">\n\t\t\t\t\t\n\t\t\t\t\t<div class=\"wc-block-grid__product-image\"><img loading=\"lazy\" decoding=\"async\" width=\"324\" height=\"213\" src=\"https:\/\/shop.biomteam.com\/wp-content\/uploads\/2023\/12\/BiomTeam_SGT-Genomikai-Teszt-grafika-324x213.png\" class=\"attachment-woocommerce_thumbnail size-woocommerce_thumbnail\" alt=\"SGT - Stool Genomic Test\" srcset=\"https:\/\/shop.biomteam.com\/wp-content\/uploads\/2023\/12\/BiomTeam_SGT-Genomikai-Teszt-grafika-324x213.png 324w, https:\/\/shop.biomteam.com\/wp-content\/uploads\/2023\/12\/BiomTeam_SGT-Genomikai-Teszt-grafika-300x198.png 300w, https:\/\/shop.biomteam.com\/wp-content\/uploads\/2023\/12\/BiomTeam_SGT-Genomikai-Teszt-grafika-1024x674.png 1024w, https:\/\/shop.biomteam.com\/wp-content\/uploads\/2023\/12\/BiomTeam_SGT-Genomikai-Teszt-grafika-768x506.png 768w, https:\/\/shop.biomteam.com\/wp-content\/uploads\/2023\/12\/BiomTeam_SGT-Genomikai-Teszt-grafika-1536x1012.png 1536w, https:\/\/shop.biomteam.com\/wp-content\/uploads\/2023\/12\/BiomTeam_SGT-Genomikai-Teszt-grafika-2048x1349.png 2048w, https:\/\/shop.biomteam.com\/wp-content\/uploads\/2023\/12\/BiomTeam_SGT-Genomikai-Teszt-grafika-416x274.png 416w\" sizes=\"auto, (max-width: 324px) 100vw, 324px\" \/><\/div>\n\t\t\t\t\t<div class=\"wc-block-grid__product-title\">SGT &#8211; Stool Genomic Test<\/div>\n\t\t\t\t<\/a>\n\t\t\t\t<div class=\"wc-block-grid__product-price price\"><span class=\"woocommerce-Price-amount amount\"><span class=\"woocommerce-Price-currencySymbol\">&euro;<\/span>499.00<\/span><\/div>\n\t\t\t\t\n\t\t\t\t<div class=\"wp-block-button wc-block-grid__product-add-to-cart\"><a href=\"\/en\/wp-json\/wp\/v2\/pages\/20?add-to-cart=31\" aria-label=\"Add to cart: &ldquo;SGT - Stool Genomic Test&rdquo;\" data-quantity=\"1\" data-product_id=\"31\" data-product_sku=\"sgt-szekletgenomikai-teszt\" data-price=\"499\" rel=\"nofollow\" class=\"wp-block-button__link  add_to_cart_button ajax_add_to_cart\">Add to cart<\/a><\/div>\n\t\t\t<\/li><\/ul><\/div><\/div>\n<\/div>\n","protected":false},"excerpt":{"rendered":"","protected":false},"author":1,"featured_media":0,"parent":0,"menu_order":0,"comment_status":"closed","ping_status":"closed","template":"","meta":{"_acf_changed":false,"footnotes":""},"class_list":["post-20","page","type-page","status-publish","hentry"],"acf":[],"aioseo_notices":[],"_links":{"self":[{"href":"https:\/\/shop.biomteam.com\/en\/wp-json\/wp\/v2\/pages\/20","targetHints":{"allow":["GET"]}}],"collection":[{"href":"https:\/\/shop.biomteam.com\/en\/wp-json\/wp\/v2\/pages"}],"about":[{"href":"https:\/\/shop.biomteam.com\/en\/wp-json\/wp\/v2\/types\/page"}],"author":[{"embeddable":true,"href":"https:\/\/shop.biomteam.com\/en\/wp-json\/wp\/v2\/users\/1"}],"replies":[{"embeddable":true,"href":"https:\/\/shop.biomteam.com\/en\/wp-json\/wp\/v2\/comments?post=20"}],"version-history":[{"count":0,"href":"https:\/\/shop.biomteam.com\/en\/wp-json\/wp\/v2\/pages\/20\/revisions"}],"wp:attachment":[{"href":"https:\/\/shop.biomteam.com\/en\/wp-json\/wp\/v2\/media?parent=20"}],"curies":[{"name":"wp","href":"https:\/\/api.w.org\/{rel}","templated":true}]}}